{"id":308,"date":"2020-06-01T21:26:10","date_gmt":"2020-06-01T19:26:10","guid":{"rendered":"https:\/\/hsi-consulting.fr\/?page_id=308"},"modified":"2020-06-04T23:01:17","modified_gmt":"2020-06-04T21:01:17","slug":"vente-de-materiel-informatique-2","status":"publish","type":"page","link":"https:\/\/hsi-consulting.fr\/?page_id=308","title":{"rendered":"Vente de mat\u00e9riel informatique"},"content":{"rendered":"\n\t<section class=\"section dark\" id=\"section_1200774194\">\n\t\t<div class=\"bg section-bg fill bg-fill  \" >\n\n\t\t\t\n\t\t\t<div class=\"section-bg-overlay absolute fill\"><\/div>\n\t\t\t\n\n\t\t<\/div>\n\n\t\t\n\n\t\t<div class=\"section-content relative\">\n\t\t\t\n\n  <div id=\"page-header-123569907\" class=\"page-header-wrapper\">\n  <div class=\"page-title dark simple-title\">\n\n    \n    <div class=\"page-title-inner container align-center text-center flex-row-col medium-flex-wrap\" >\n              <div class=\"title-wrapper uppercase flex-col\">\n          <h1 class=\"entry-title mb-0\">\n            Mat\u00e9riel informatique          <\/h1>\n        <\/div>\n                    <div class=\"title-content flex-col\">\n              <\/div>\n    <\/div>\n\n     \n<style>\n#page-header-123569907 .title-overlay {\n  background-color: rgba(0,0,0,.5);\n}\n<\/style>\n  <\/div>\n    <\/div>\n  \n\n<div class=\"row\"  id=\"row-2003102522\">\n\n\n\t<div id=\"col-373263049\" class=\"col medium-3 small-6 large-3\"  data-animate=\"fadeInUp\">\n\t\t\t\t<div class=\"col-inner\"  >\n\t\t\t\n\t\t\t\n\n<h3 data-animate=\"fadeIn\"><strong>Installation de votre outil pour la gestion de votre entreprise<\/strong><\/h3>\n<p data-animate=\"fadeIn\">serveurs de donn\u00e9es, ouverture de liaisons, liaison inter-sites par\u00a0<a href=\"https:\/\/ircf.fr\/glossaire\/vpn\/\">VPN<\/a>.<\/p>\n\n\t\t<\/div>\n\t\t\t\t\t<\/div>\n\n\t\n\n\t<div id=\"col-1331096692\" class=\"col medium-3 small-6 large-3\"  >\n\t\t\t\t<div class=\"col-inner\"  >\n\t\t\t\n\t\t\t\n\n<h3 data-animate=\"fadeInLeft\"><strong>Param\u00e9trage et optimisation de votre r\u00e9seau<\/strong><\/h3>\n<p data-animate=\"fadeInLeft\">Mise en place d\u2019une politique de s\u00e9curit\u00e9, acc\u00e8s restreint aux donn\u00e9es, compte utilisateur.<\/p>\n\n\t\t<\/div>\n\t\t\t\t\t<\/div>\n\n\t\n\n\t<div id=\"col-144221158\" class=\"col medium-3 small-6 large-3\"  >\n\t\t\t\t<div class=\"col-inner\"  >\n\t\t\t\n\t\t\t\n\n<h3 data-animate=\"fadeInRight\"><strong>Sauvegarde et protection de vos donn\u00e9es\u00a0<\/strong><\/h3>\n<p data-animate=\"fadeInRight\">Installation de syst\u00e8mes de sauvegarde, sauvegardes et restaurations de donn\u00e9es, syst\u00e8me de sauvegarde local et back-up en ligne.<\/p>\n\n\t\t<\/div>\n\t\t\t\t\t<\/div>\n\n\t\n\n\t<div id=\"col-455320050\" class=\"col medium-3 small-6 large-3\"  >\n\t\t\t\t<div class=\"col-inner\"  >\n\t\t\t\n\t\t\t\n\n<h3 data-animate=\"fadeInUp\"><strong>Maintenance pr\u00e9ventive, corrective et \u00e9volutive<\/strong><\/h3>\n<p data-animate=\"fadeInUp\">Serveurs et parcs informatiques, r\u00e9cup\u00e9ration de donn\u00e9es, r\u00e9seaux <a href=\"https:\/\/ircf.fr\/glossaire\/lan\/\">LAN<\/a>\u00a0et\u00a0<a href=\"https:\/\/ircf.fr\/glossaire\/wan\/\">WAN<\/a>, chiffrage et \u00e9volution de parc informatique<\/p>\n\n\t\t<\/div>\n\t\t\t\t\t<\/div>\n\n\t\n\n<\/div>\n\n\t\t<\/div>\n\n\t\t\n<style>\n#section_1200774194 {\n  padding-top: 30px;\n  padding-bottom: 30px;\n  background-color: rgb(0,0,0);\n}\n#section_1200774194 .section-bg-overlay {\n  background-color: rgba(0,0,0,.5);\n}\n#section_1200774194 .section-bg.bg-loaded {\n  background-image: url(https:\/\/hsi-consulting.fr\/wp-content\/uploads\/2019\/04\/Computer-Network-Wide-Other-Timmatic-com-wallpaper-wpt7203473.jpg);\n}\n#section_1200774194 .ux-shape-divider--top svg {\n  height: 150px;\n  --divider-top-width: 100%;\n}\n#section_1200774194 .ux-shape-divider--bottom svg {\n  height: 150px;\n  --divider-width: 100%;\n}\n<\/style>\n\t<\/section>\n\t\n\t<section class=\"section\" id=\"section_416374151\">\n\t\t<div class=\"bg section-bg fill bg-fill  bg-loaded\" >\n\n\t\t\t\n\t\t\t<div class=\"section-bg-overlay absolute fill\"><\/div>\n\t\t\t\n\n\t\t<\/div>\n\n\t\t\n\n\t\t<div class=\"section-content relative\">\n\t\t\t\n\n<div class=\"row row-collapse align-center\"  id=\"row-426617650\">\n\n\n\t<div id=\"col-527608818\" class=\"col medium-6 small-12 large-6\"  data-animate=\"fadeInRight\">\n\t\t\t\t<div class=\"col-inner text-center dark\"  >\n\t\t\t\n\t\t\t\n\n<h2><\/h2>\n<h2 data-animate=\"fadeInLeft\"><strong>Mat\u00e9riels propos\u00e9s :<\/strong><\/h2>\n<h2 data-animate=\"fadeInLeft\"> <\/h2>\n<h2 data-animate=\"fadeInLeft\"><strong>Serveur et Mat\u00e9riel R\u00e9seau<\/strong><\/h2>\n<h2 data-animate=\"fadeInLeft\"> <\/h2>\n<h2 data-animate=\"fadeInLeft\">Serveur, Firewall, Switch, Switch FC, Modem, Routeur, Plug, Borne wifi, Sauvegarde : disque dur externe, NAS, SAN<\/h2>\n<h2 data-animate=\"fadeInLeft\"> <\/h2>\n<h2 data-animate=\"fadeInLeft\"><strong>Poste de travail<\/strong><\/h2>\n<h2 data-animate=\"fadeInLeft\"> <\/h2>\n<h2 data-animate=\"fadeInLeft\">Ordinateur de bureau, Ordinateur portable, Tablette \/ Tablette PC, P\u00e9riph\u00e9rique : imprimante \u2013 \u00e9cran \u2013 webcam \u2013 clavier souris, Onduleur, Connectique : tout type de c\u00e2ble informatique, Ordinateur de bureau reconditionn\u00e9 sur demande, Consommable<\/h2>\n<h2 data-animate=\"fadeInLeft\"><\/h2>\n\n\t\t<\/div>\n\t\t\t\t\n<style>\n#col-527608818 > .col-inner {\n  padding: 50px 0px 50px 0px;\n}\n<\/style>\n\t<\/div>\n\n\t\n\n\t<div id=\"col-790693606\" class=\"col large-12\"  >\n\t\t\t\t<div class=\"col-inner\"  >\n\t\t\t\n\t\t\t\n\n\t<div class=\"img has-hover x md-x lg-x y md-y lg-y\" id=\"image_453731897\">\n\t\t\t\t\t\t<div data-animate=\"fadeInRight\">\t\t<div class=\"img-inner dark\" >\n\t\t\t<img loading=\"lazy\" decoding=\"async\" width=\"1020\" height=\"248\" src=\"https:\/\/hsi-consulting.fr\/wp-content\/uploads\/2020\/06\/produits-1024x249.png\" class=\"attachment-large size-large\" alt=\"\" srcset=\"https:\/\/hsi-consulting.fr\/wp-content\/uploads\/2020\/06\/produits-1024x249.png 1024w, https:\/\/hsi-consulting.fr\/wp-content\/uploads\/2020\/06\/produits-300x73.png 300w, https:\/\/hsi-consulting.fr\/wp-content\/uploads\/2020\/06\/produits-768x187.png 768w, https:\/\/hsi-consulting.fr\/wp-content\/uploads\/2020\/06\/produits-510x124.png 510w, https:\/\/hsi-consulting.fr\/wp-content\/uploads\/2020\/06\/produits.png 1140w\" sizes=\"auto, (max-width: 1020px) 100vw, 1020px\" \/>\t\t\t\t\t\t\n\t\t\t\t\t<\/div>\n\t\t<\/div>\t\t\t\t\t\t\n<style>\n#image_453731897 {\n  width: 100%;\n}\n<\/style>\n\t<\/div>\n\t\n\n\n\t\t<\/div>\n\t\t\t\t\t<\/div>\n\n\t\n\n\n<style>\n#row-426617650 > .col > .col-inner {\n  background-color: rgb(0,0,0);\n}\n<\/style>\n<\/div>\n\n\t\t<\/div>\n\n\t\t\n<style>\n#section_416374151 {\n  padding-top: 0px;\n  padding-bottom: 0px;\n  background-color: rgb(0,0,0);\n}\n#section_416374151 .section-bg-overlay {\n  background-color: rgba(0,0,0,.5);\n}\n#section_416374151 .ux-shape-divider--top svg {\n  height: 150px;\n  --divider-top-width: 100%;\n}\n#section_416374151 .ux-shape-divider--bottom svg {\n  height: 150px;\n  --divider-width: 100%;\n}\n<\/style>\n\t<\/section>\n\t\n\n","protected":false},"excerpt":{"rendered":"","protected":false},"author":5,"featured_media":0,"parent":0,"menu_order":0,"comment_status":"closed","ping_status":"closed","template":"page-blank.php","meta":{"jetpack_post_was_ever_published":false,"footnotes":""},"class_list":["post-308","page","type-page","status-publish","hentry"],"jetpack_sharing_enabled":true,"jetpack_shortlink":"https:\/\/wp.me\/PajIJU-4Y","_links":{"self":[{"href":"https:\/\/hsi-consulting.fr\/index.php?rest_route=\/wp\/v2\/pages\/308","targetHints":{"allow":["GET"]}}],"collection":[{"href":"https:\/\/hsi-consulting.fr\/index.php?rest_route=\/wp\/v2\/pages"}],"about":[{"href":"https:\/\/hsi-consulting.fr\/index.php?rest_route=\/wp\/v2\/types\/page"}],"author":[{"embeddable":true,"href":"https:\/\/hsi-consulting.fr\/index.php?rest_route=\/wp\/v2\/users\/5"}],"replies":[{"embeddable":true,"href":"https:\/\/hsi-consulting.fr\/index.php?rest_route=%2Fwp%2Fv2%2Fcomments&post=308"}],"version-history":[{"count":0,"href":"https:\/\/hsi-consulting.fr\/index.php?rest_route=\/wp\/v2\/pages\/308\/revisions"}],"wp:attachment":[{"href":"https:\/\/hsi-consulting.fr\/index.php?rest_route=%2Fwp%2Fv2%2Fmedia&parent=308"}],"curies":[{"name":"wp","href":"https:\/\/api.w.org\/{rel}","templated":true}]}}